{"id":149,"date":"2025-07-01T16:13:55","date_gmt":"2025-07-01T16:13:55","guid":{"rendered":"https:\/\/mezcalprofundoamor.com\/?page_id=149"},"modified":"2025-09-25T04:34:20","modified_gmt":"2025-09-25T04:34:20","slug":"contact","status":"publish","type":"page","link":"https:\/\/mezcalprofundoamor.com\/en\/contact\/","title":{"rendered":"Contact"},"content":{"rendered":"<div data-elementor-type=\"wp-page\" data-elementor-id=\"149\" class=\"elementor elementor-149\" data-elementor-post-type=\"page\">\n\t\t\t\t\t\t<section class=\"elementor-section elementor-top-section elementor-element elementor-element-5e981e15 elementor-section-height-min-height elementor-section-boxed elementor-section-height-default elementor-section-items-middle\" data-id=\"5e981e15\" data-element_type=\"section\" data-settings=\"{&quot;background_background&quot;:&quot;classic&quot;}\">\n\t\t\t\t\t\t\t<div class=\"elementor-background-overlay\"><\/div>\n\t\t\t\t\t\t\t<div class=\"elementor-container elementor-column-gap-default\">\n\t\t\t\t\t<div class=\"elementor-column elementor-col-100 elementor-top-column elementor-element elementor-element-4c4fb2fd\" data-id=\"4c4fb2fd\" data-element_type=\"column\">\n\t\t\t<div class=\"elementor-widget-wrap elementor-element-populated\">\n\t\t\t\t\t\t<div class=\"elementor-element elementor-element-3482235e de_scroll_animation_no elementor-invisible elementor-widget elementor-widget-heading\" data-id=\"3482235e\" data-element_type=\"widget\" data-settings=\"{&quot;_animation&quot;:&quot;fadeIn&quot;}\" data-widget_type=\"heading.default\">\n\t\t\t\t<div class=\"elementor-widget-container\">\n\t\t\t\t\t<h2 class=\"elementor-heading-title elementor-size-default\">Contact<\/h2>\t\t\t\t<\/div>\n\t\t\t\t<\/div>\n\t\t\t\t<div class=\"elementor-element elementor-element-35843370 elementor-icon-list--layout-inline elementor-align-center elementor-list-item-link-full_width de_scroll_animation_no elementor-invisible elementor-widget elementor-widget-icon-list\" data-id=\"35843370\" data-element_type=\"widget\" data-settings=\"{&quot;_animation&quot;:&quot;fadeIn&quot;,&quot;_animation_delay&quot;:200}\" data-widget_type=\"icon-list.default\">\n\t\t\t\t<div class=\"elementor-widget-container\">\n\t\t\t\t\t\t\t<ul class=\"elementor-icon-list-items elementor-inline-items\">\n\t\t\t\t\t\t\t<li class=\"elementor-icon-list-item elementor-inline-item\">\n\t\t\t\t\t\t\t\t\t\t\t<a href=\"#\">\n\n\t\t\t\t\t\t\t\t\t\t\t<span class=\"elementor-icon-list-text\">Home<\/span>\n\t\t\t\t\t\t\t\t\t\t\t<\/a>\n\t\t\t\t\t\t\t\t\t<\/li>\n\t\t\t\t\t\t\t\t<li class=\"elementor-icon-list-item elementor-inline-item\">\n\t\t\t\t\t\t\t\t\t\t\t<span class=\"elementor-icon-list-icon\">\n\t\t\t\t\t\t\t<i aria-hidden=\"true\" class=\"icon icon-arrow-right\"><\/i>\t\t\t\t\t\t<\/span>\n\t\t\t\t\t\t\t\t\t\t<span class=\"elementor-icon-list-text\">Contact<\/span>\n\t\t\t\t\t\t\t\t\t<\/li>\n\t\t\t\t\t\t<\/ul>\n\t\t\t\t\t\t<\/div>\n\t\t\t\t<\/div>\n\t\t\t\t\t<\/div>\n\t\t<\/div>\n\t\t\t\t\t<\/div>\n\t\t<\/section>\n\t\t\t\t<section class=\"elementor-section elementor-top-section elementor-element elementor-element-1d4c6b29 elementor-section-boxed elementor-section-height-default elementor-section-height-default\" data-id=\"1d4c6b29\" data-element_type=\"section\">\n\t\t\t\t\t\t<div class=\"elementor-container elementor-column-gap-default\">\n\t\t\t\t\t<div class=\"elementor-column elementor-col-100 elementor-top-column elementor-element elementor-element-70980fbe\" data-id=\"70980fbe\" data-element_type=\"column\">\n\t\t\t<div class=\"elementor-widget-wrap elementor-element-populated\">\n\t\t\t\t\t\t<section class=\"elementor-section elementor-inner-section elementor-element elementor-element-227ef412 elementor-section-boxed elementor-section-height-default elementor-section-height-default elementor-invisible\" data-id=\"227ef412\" data-element_type=\"section\" data-settings=\"{&quot;animation&quot;:&quot;fadeIn&quot;}\">\n\t\t\t\t\t\t<div class=\"elementor-container elementor-column-gap-default\">\n\t\t\t\t\t<div class=\"elementor-column elementor-col-33 elementor-inner-column elementor-element elementor-element-1a3059dd\" data-id=\"1a3059dd\" data-element_type=\"column\">\n\t\t\t<div class=\"elementor-widget-wrap elementor-element-populated\">\n\t\t\t\t\t\t<div class=\"elementor-element elementor-element-ee6587e elementor-view-default elementor-position-top elementor-mobile-position-top de_scroll_animation_no elementor-widget elementor-widget-icon-box\" data-id=\"ee6587e\" data-element_type=\"widget\" data-widget_type=\"icon-box.default\">\n\t\t\t\t<div class=\"elementor-widget-container\">\n\t\t\t\t\t\t\t<div class=\"elementor-icon-box-wrapper\">\n\n\t\t\t\t\t\t<div class=\"elementor-icon-box-icon\">\n\t\t\t\t<span  class=\"elementor-icon\">\n\t\t\t\t<i aria-hidden=\"true\" class=\"icon icon-map-marker1\"><\/i>\t\t\t\t<\/span>\n\t\t\t<\/div>\n\t\t\t\n\t\t\t\t\t\t<div class=\"elementor-icon-box-content\">\n\n\t\t\t\t\t\t\t\t\t<h3 class=\"elementor-icon-box-title\">\n\t\t\t\t\t\t<span  >\n\t\t\t\t\t\t\tLocation\t\t\t\t\t\t<\/span>\n\t\t\t\t\t<\/h3>\n\t\t\t\t\n\t\t\t\t\t\t\t\t\t<p class=\"elementor-icon-box-description\">\n\t\t\t\t\t\tMorelia, Mich.\t\t\t\t\t<\/p>\n\t\t\t\t\n\t\t\t<\/div>\n\t\t\t\n\t\t<\/div>\n\t\t\t\t\t\t<\/div>\n\t\t\t\t<\/div>\n\t\t\t\t\t<\/div>\n\t\t<\/div>\n\t\t\t\t<div class=\"elementor-column elementor-col-33 elementor-inner-column elementor-element elementor-element-578a6aa4\" data-id=\"578a6aa4\" data-element_type=\"column\">\n\t\t\t<div class=\"elementor-widget-wrap elementor-element-populated\">\n\t\t\t\t\t\t<div class=\"elementor-element elementor-element-5c88da03 elementor-view-default elementor-position-top elementor-mobile-position-top de_scroll_animation_no elementor-widget elementor-widget-icon-box\" data-id=\"5c88da03\" data-element_type=\"widget\" data-widget_type=\"icon-box.default\">\n\t\t\t\t<div class=\"elementor-widget-container\">\n\t\t\t\t\t\t\t<div class=\"elementor-icon-box-wrapper\">\n\n\t\t\t\t\t\t<div class=\"elementor-icon-box-icon\">\n\t\t\t\t<span  class=\"elementor-icon\">\n\t\t\t\t<i aria-hidden=\"true\" class=\"icon icon-phone-handset\"><\/i>\t\t\t\t<\/span>\n\t\t\t<\/div>\n\t\t\t\n\t\t\t\t\t\t<div class=\"elementor-icon-box-content\">\n\n\t\t\t\t\t\t\t\t\t<h3 class=\"elementor-icon-box-title\">\n\t\t\t\t\t\t<span  >\n\t\t\t\t\t\t\tPhone\t\t\t\t\t\t<\/span>\n\t\t\t\t\t<\/h3>\n\t\t\t\t\n\t\t\t\t\t\t\t\t\t<p class=\"elementor-icon-box-description\">\n\t\t\t\t\t\t+52 44 31 67 97 70<br> +52 44 31 67 97 70\t\t\t\t\t<\/p>\n\t\t\t\t\n\t\t\t<\/div>\n\t\t\t\n\t\t<\/div>\n\t\t\t\t\t\t<\/div>\n\t\t\t\t<\/div>\n\t\t\t\t\t<\/div>\n\t\t<\/div>\n\t\t\t\t<div class=\"elementor-column elementor-col-33 elementor-inner-column elementor-element elementor-element-145e3c54\" data-id=\"145e3c54\" data-element_type=\"column\">\n\t\t\t<div class=\"elementor-widget-wrap elementor-element-populated\">\n\t\t\t\t\t\t<div class=\"elementor-element elementor-element-2122433 elementor-view-default elementor-position-top elementor-mobile-position-top de_scroll_animation_no elementor-widget elementor-widget-icon-box\" data-id=\"2122433\" data-element_type=\"widget\" data-widget_type=\"icon-box.default\">\n\t\t\t\t<div class=\"elementor-widget-container\">\n\t\t\t\t\t\t\t<div class=\"elementor-icon-box-wrapper\">\n\n\t\t\t\t\t\t<div class=\"elementor-icon-box-icon\">\n\t\t\t\t<span  class=\"elementor-icon\">\n\t\t\t\t<i aria-hidden=\"true\" class=\"icon icon-envelope11\"><\/i>\t\t\t\t<\/span>\n\t\t\t<\/div>\n\t\t\t\n\t\t\t\t\t\t<div class=\"elementor-icon-box-content\">\n\n\t\t\t\t\t\t\t\t\t<h3 class=\"elementor-icon-box-title\">\n\t\t\t\t\t\t<span  >\n\t\t\t\t\t\t\tEmail\t\t\t\t\t\t<\/span>\n\t\t\t\t\t<\/h3>\n\t\t\t\t\n\t\t\t\t\t\t\t\t\t<p class=\"elementor-icon-box-description\">\n\t\t\t\t\t\tArcagavera@profundoamor.com\t\t\t\t\t<\/p>\n\t\t\t\t\n\t\t\t<\/div>\n\t\t\t\n\t\t<\/div>\n\t\t\t\t\t\t<\/div>\n\t\t\t\t<\/div>\n\t\t\t\t\t<\/div>\n\t\t<\/div>\n\t\t\t\t\t<\/div>\n\t\t<\/section>\n\t\t\t\t\t<\/div>\n\t\t<\/div>\n\t\t\t\t\t<\/div>\n\t\t<\/section>\n\t\t\t\t<section class=\"elementor-section elementor-top-section elementor-element elementor-element-56a33cfe elementor-section-boxed elementor-section-height-default elementor-section-height-default\" data-id=\"56a33cfe\" data-element_type=\"section\">\n\t\t\t\t\t\t<div class=\"elementor-container elementor-column-gap-default\">\n\t\t\t\t\t<div class=\"elementor-column elementor-col-50 elementor-top-column elementor-element elementor-element-4dddedf9\" data-id=\"4dddedf9\" data-element_type=\"column\">\n\t\t\t<div class=\"elementor-widget-wrap elementor-element-populated\">\n\t\t\t\t\t\t<div class=\"elementor-element elementor-element-4dbfdfdc de_scroll_animation_no elementor-invisible elementor-widget elementor-widget-text-editor\" data-id=\"4dbfdfdc\" data-element_type=\"widget\" data-settings=\"{&quot;_animation&quot;:&quot;fadeIn&quot;}\" data-widget_type=\"text-editor.default\">\n\t\t\t\t<div class=\"elementor-widget-container\">\n\t\t\t\t\t\t\t\t\t<p>Contact<\/p>\t\t\t\t\t\t\t\t<\/div>\n\t\t\t\t<\/div>\n\t\t\t\t<div class=\"elementor-element elementor-element-672da3a6 de_scroll_animation_no elementor-invisible elementor-widget elementor-widget-heading\" data-id=\"672da3a6\" data-element_type=\"widget\" data-settings=\"{&quot;_animation&quot;:&quot;fadeIn&quot;,&quot;_animation_delay&quot;:200}\" data-widget_type=\"heading.default\">\n\t\t\t\t<div class=\"elementor-widget-container\">\n\t\t\t\t\t<h2 class=\"elementor-heading-title elementor-size-default\">Form<\/h2>\t\t\t\t<\/div>\n\t\t\t\t<\/div>\n\t\t\t\t<div class=\"elementor-element elementor-element-6cea1e0 de_scroll_animation_no elementor-widget elementor-widget-tp-plus-form\" data-id=\"6cea1e0\" data-element_type=\"widget\" data-widget_type=\"tp-plus-form.default\">\n\t\t\t\t<div class=\"elementor-widget-container\">\n\t\t\t\t\t<div class=\"tpae-form-container\" data-formdata=\"{&quot;form_id&quot;:&quot;tpae-form-main&quot;,&quot;Required_mask&quot;:&quot;show-asterisks&quot;,&quot;invalid_form&quot;:&quot;Invalid form! Please check it again.&quot;,&quot;required_fields&quot;:&quot;This field is required.&quot;,&quot;form_error&quot;:&quot;There was an error in submitting the form.&quot;,&quot;success_message&quot;:&quot;Form Submitted Successfully&quot;,&quot;server_error&quot;:&quot;A server error occurred.&quot;}\" data-emaildata=\"&quot;dEhmTzRRZGdweWh2SjdTanhjS1JHb2lmZEU5L081L0NaMGMxaUQ1Vnh3eVBON3A0MlpIODFUTXhSS0pLbHFuYS9SZW1zQXVKYmxESDJKUG5LUVd0ZjMvc1ZGekZEdFRIcFdwUjVWUEZlMng3R3h2eFhjRTU1UHBTUGNXQ1RuMWNCdWU2VkE1V3dkeVgyQlFwSXJIeE9KRi9yWm03OUF4U3c0a1dBN1A2cStUM3RCWklpV1hiRmpnVlpzTlhBREMwRlArWm9zUkdOVlBOeGxqd2tOajVJZms1bGxJMlZTYjlMY05ILzluOHRrZi8weTYySmNoYk9yZEZzZlplZmxROXlXbzZhSGZzWlQ0aWxoRzRPdmd5NTM3VVVzYnZnRVZMS1FVQ0QxeHNjTXdtMGZGYlUwSzQvaEFzRWtjTUhhR21wWXF0eTBHYVZQaFZEWXlZZk9Xc29RPT0=&quot;\" ><style> .elementor-element-6cea1e0 .tpae-form-submit-container{ width:100%!important } <\/style><form id=\"tpae-form-main\" class=\"tpae-form\" method=\"post\" action=\"\"><div class=\"tpae-form-field\" data-width=\"\" data-tablet-width=\"\" data-mobile-width=\"\"> <label for=\"form_fields[first_name]\" class=\"tpae-form-label\">Name<\/label><input type=\"text\" name=\"first_name\" id=\"first_name\" placeholder=\"\"  class=\"medium\" value=\"\" aria-description=\"\"\/><span class=\"tpae-help-text\"><\/span><\/div><div class=\"tpae-form-field\" data-width=\"\" data-tablet-width=\"\" data-mobile-width=\"\"> <label for=\"form_fields[last_name]\" class=\"tpae-form-label\">LAST NAME<\/label><input type=\"text\" name=\"last_name\" id=\"last_name\" placeholder=\"\"  class=\"medium\" value=\"\" aria-description=\"\"\/><span class=\"tpae-help-text\"><\/span><\/div><div class=\"tpae-form-field\" data-width=\"\" data-tablet-width=\"\" data-mobile-width=\"\"> <label for=\"form_fields[email]\" class=\"tpae-form-label\">Email <span class=\"tpae-required-asterisk\">*<\/span><\/label><input type=\"email\" name=\"email\" id=\"email\" placeholder=\"Enter your official email address\" required class=\"medium\" value=\"\" aria-description=\"\"\/><span class=\"tpae-help-text\"><\/span><\/div><div class=\"tpae-form-field\" data-width=\"\" data-tablet-width=\"\" data-mobile-width=\"\"> <label for=\"form_fields[mobile_number]\" class=\"tpae-form-label\">Phone<\/label><input type=\"number\" name=\"mobile_number\" id=\"mobile_number\" placeholder=\"\"  class=\"medium\" value=\"\" aria-description=\"\"\/><span class=\"tpae-help-text\"><\/span><\/div><div class=\"tpae-form-field\" data-width=\"\" data-tablet-width=\"\" data-mobile-width=\"\"> <label for=\"form_fields[subject]\" class=\"tpae-form-label\">Subjet<\/label><input type=\"text\" name=\"subject\" id=\"subject\" placeholder=\"\"  class=\"medium\" value=\"\" aria-description=\"\"\/><span class=\"tpae-help-text\"><\/span><\/div><div class=\"tpae-form-field\" data-width=\"\" data-tablet-width=\"\" data-mobile-width=\"\"> <label for=\"form_fields[message]\" class=\"tpae-form-label\">Message<\/label><textarea name=\"message\" rows=\"4\" id=\"message\" placeholder=\"\"  class=\"medium\"aria-description=\"\"><\/textarea><\/div><div class=\"tpae-form-submit-container\"><button id=\"tpae-form-button\" type=\"submit\" class=\"tpae-form-submit tpae-form-button\"><span class=\"tpae-button-text\"> SEND<\/span><span class=\"tpae-button-loader\" style=\"display:none;\"><span class=\"tpae-spinner\"><\/span><\/span><\/button><\/div><input type=\"hidden\" name=\"trp-form-language\" value=\"en\"\/><\/form><\/div>\t\t\t\t<\/div>\n\t\t\t\t<\/div>\n\t\t\t\t\t<\/div>\n\t\t<\/div>\n\t\t\t\t<div class=\"elementor-column elementor-col-50 elementor-top-column elementor-element elementor-element-4ea25fff\" data-id=\"4ea25fff\" data-element_type=\"column\">\n\t\t\t<div class=\"elementor-widget-wrap elementor-element-populated\">\n\t\t\t\t\t<div class=\"elementor-background-overlay\"><\/div>\n\t\t\t\t\t\t<div class=\"elementor-element elementor-element-35d97f3 animated-slow de_scroll_animation_no elementor-invisible elementor-widget elementor-widget-google_maps\" data-id=\"35d97f3\" data-element_type=\"widget\" data-settings=\"{&quot;_animation&quot;:&quot;fadeIn&quot;}\" data-widget_type=\"google_maps.default\">\n\t\t\t\t<div class=\"elementor-widget-container\">\n\t\t\t\t\t\t\t<div class=\"elementor-custom-embed\">\n\t\t\t<iframe loading=\"lazy\"\n\t\t\t\t\tsrc=\"https:\/\/maps.google.com\/maps?q=Morelia&#038;t=m&#038;z=14&#038;output=embed&#038;iwloc=near\"\n\t\t\t\t\ttitle=\"Morelia\"\n\t\t\t\t\taria-label=\"Morelia\"\n\t\t\t><\/iframe>\n\t\t<\/div>\n\t\t\t\t\t\t<\/div>\n\t\t\t\t<\/div>\n\t\t\t\t\t<\/div>\n\t\t<\/div>\n\t\t\t\t\t<\/div>\n\t\t<\/section>\n\t\t\t\t<\/div>","protected":false},"excerpt":{"rendered":"<p>Contacto Home Contacto Ubicaci\u00f3n Morelia, Mich. Tel\u00e9fono +52 44 31 67 97 70 +52 44 31 67 97 70 Email Arcagavera@profundoamor.com Cont\u00e1ctanos Formulario Nombre Apellido Email * Tel\u00e9fono Asunto Mensaje enviar<\/p>","protected":false},"author":1,"featured_media":0,"parent":0,"menu_order":0,"comment_status":"closed","ping_status":"closed","template":"elementor_header_footer","meta":{"footnotes":""},"class_list":["post-149","page","type-page","status-publish","hentry"],"_links":{"self":[{"href":"https:\/\/mezcalprofundoamor.com\/en\/wp-json\/wp\/v2\/pages\/149","targetHints":{"allow":["GET"]}}],"collection":[{"href":"https:\/\/mezcalprofundoamor.com\/en\/wp-json\/wp\/v2\/pages"}],"about":[{"href":"https:\/\/mezcalprofundoamor.com\/en\/wp-json\/wp\/v2\/types\/page"}],"author":[{"embeddable":true,"href":"https:\/\/mezcalprofundoamor.com\/en\/wp-json\/wp\/v2\/users\/1"}],"replies":[{"embeddable":true,"href":"https:\/\/mezcalprofundoamor.com\/en\/wp-json\/wp\/v2\/comments?post=149"}],"version-history":[{"count":22,"href":"https:\/\/mezcalprofundoamor.com\/en\/wp-json\/wp\/v2\/pages\/149\/revisions"}],"predecessor-version":[{"id":608,"href":"https:\/\/mezcalprofundoamor.com\/en\/wp-json\/wp\/v2\/pages\/149\/revisions\/608"}],"wp:attachment":[{"href":"https:\/\/mezcalprofundoamor.com\/en\/wp-json\/wp\/v2\/media?parent=149"}],"curies":[{"name":"wp","href":"https:\/\/api.w.org\/{rel}","templated":true}]}}