{"id":567,"date":"2025-09-25T02:54:17","date_gmt":"2025-09-25T02:54:17","guid":{"rendered":"https:\/\/mezcalprofundoamor.com\/?post_type=product&#038;p=567"},"modified":"2025-09-25T02:56:50","modified_gmt":"2025-09-25T02:56:50","slug":"el-chato","status":"publish","type":"product","link":"https:\/\/mezcalprofundoamor.com\/en\/product\/el-chato\/","title":{"rendered":"EL CHATO"},"content":{"rendered":"<p><b>El Gordito<\/b> is a true mezquila: the fusion of our <i>Arca Agavera<\/i> project and the artisanal tradition we\u2019ve nurtured through <i>Profundo Amor<\/i>Our first crop of blue agave plants is beginning to bear fruit, and with it, El Gordito emerges\u2014 the result of years of work grounded in tradition, ecological vision, and respect for the land. <b>cupreata<\/b> de monte agroforestal y el <b>agave azul org\u00e1nico<\/b> de campo. Nuestro primer lote de plantas de agave azul empieza a dar frutos, y con \u00e9l, El Gordito se presenta como el resultado de a\u00f1os de trabajo entre tradici\u00f3n, respeto por la tierra y visi\u00f3n ecol\u00f3gica.<\/p>","protected":false},"excerpt":{"rendered":"<ul>\n<li>Mezcal campesino.<\/li>\n<li>Alcohol content: <strong>43%~49%. Vol. Proof: 80.<\/strong><\/li>\n<li>Plants aged 8\u201317 years<\/li>\n<li>Two-agave blend: Agave inaequidens and Agave americana var. subtilis.<\/li>\n<li>Ancestral, distilled in clay pots and fermented in stone pits.<\/li>\n<li>Tropical acidity, complex character, roasted cacao, lactic notes, amber hue.<\/li>\n<\/ul>\n<p><b>El Chato<\/b> stands out among the rest. Though its flavor is rooted in tradition, it is unlike most\u2014delivering a familiar surprise, something fresh for a curious and demanding palate. Crafted with the \u201cgiant of giants\u201d, Agave inaequidens, balanced with just a touch of it to temper its acidity, and blended with a robust body drawn from an agave whose cultural future remains uncertain. The conservation and replanting of this agave\u2014known academically as Agave americana var. subtilis, and colloquially as el chato or <b>el manso de Sahuayo<\/b>.<\/p>","protected":false},"featured_media":316,"comment_status":"open","ping_status":"closed","template":"","meta":[],"product_brand":[],"product_cat":[20],"product_tag":[],"class_list":{"0":"post-567","1":"product","2":"type-product","3":"status-publish","4":"has-post-thumbnail","6":"product_cat-sin-categorizar","8":"first","9":"instock","10":"shipping-taxable","11":"purchasable","12":"product-type-simple"},"_links":{"self":[{"href":"https:\/\/mezcalprofundoamor.com\/en\/wp-json\/wp\/v2\/product\/567","targetHints":{"allow":["GET"]}}],"collection":[{"href":"https:\/\/mezcalprofundoamor.com\/en\/wp-json\/wp\/v2\/product"}],"about":[{"href":"https:\/\/mezcalprofundoamor.com\/en\/wp-json\/wp\/v2\/types\/product"}],"replies":[{"embeddable":true,"href":"https:\/\/mezcalprofundoamor.com\/en\/wp-json\/wp\/v2\/comments?post=567"}],"wp:featuredmedia":[{"embeddable":true,"href":"https:\/\/mezcalprofundoamor.com\/en\/wp-json\/wp\/v2\/media\/316"}],"wp:attachment":[{"href":"https:\/\/mezcalprofundoamor.com\/en\/wp-json\/wp\/v2\/media?parent=567"}],"wp:term":[{"taxonomy":"product_brand","embeddable":true,"href":"https:\/\/mezcalprofundoamor.com\/en\/wp-json\/wp\/v2\/product_brand?post=567"},{"taxonomy":"product_cat","embeddable":true,"href":"https:\/\/mezcalprofundoamor.com\/en\/wp-json\/wp\/v2\/product_cat?post=567"},{"taxonomy":"product_tag","embeddable":true,"href":"https:\/\/mezcalprofundoamor.com\/en\/wp-json\/wp\/v2\/product_tag?post=567"}],"curies":[{"name":"wp","href":"https:\/\/api.w.org\/{rel}","templated":true}]}}